{"id":175,"date":"2024-05-06T17:10:15","date_gmt":"2024-05-06T15:10:15","guid":{"rendered":"https:\/\/deratizaceadezinsekce.cz\/kontakty-pro-hubeni-skudcu\/"},"modified":"2025-11-21T15:20:04","modified_gmt":"2025-11-21T14:20:04","slug":"contacts","status":"publish","type":"page","link":"https:\/\/deklan.cz\/en\/contacts\/","title":{"rendered":"Pest control contacts"},"content":{"rendered":"\n<h1 class=\"wp-block-heading\">Pest control contacts<\/h1>\n\n\n\n<p>Ensure a safe and healthy environment by using our professional <strong>pest control, disinfection and disinsection<\/strong> services. We operate in and <strong>around Prague<\/strong> and offer <strong>FREE transport and a tour of the site<\/strong>. Our experts have more than <strong>15 years of experience<\/strong> and use modern, environmentally friendly methods to quickly and effectively eliminate pests. Don&#8217;t wait for problems to get worse \u2013 immediate action is the key to long-term protection of your home or business.<\/p>\n\n\n\n<p>Contact us today to book our professional services. Just fill in the request form below, or fill in the <strong>Non-binding price request<\/strong> in the footer of the page and we will contact you as soon as possible with an individual offer. Leave the worry about <strong>extermination, disinfection and disinsection<\/strong> to us and enjoy peace and well-being in a healthy environment. Rely on our experience and expertise \u2013 your satisfaction is our priority.<\/p>\n\n\n\n<h2 class=\"wp-block-heading\">You can contact us at any time on the following numbers:<\/h2>\n\n\n\n<p><strong><a href=\"tel:+420 702 009 127\">+420 702 009 127<\/a><br><a href=\"tel:+420 601 336 153\">+420 601 336 153<\/a><\/strong><\/p>\n\n\n\n<p><strong>or e-mail:<\/strong><\/p>\n\n\n\n<p><a href=\"mailto:deratizace@deklan.czz\"><strong>deratizace@deklan.cz<\/strong><\/a><br><a href=\"mailto:info@deklan.czz\"><strong>info@deklan.cz<\/strong><\/a><\/p>\n\n\n\n<p>Alternatively, please send us a message\u2026<\/p>\n\n\n<div class=\"frm_forms  with_frm_style frm_style_formidable-style\" id=\"frm_form_3_container\" data-token=\"1c6551581df27bf9f66ab2a55c2fb118\">\n<form enctype=\"multipart\/form-data\" method=\"post\" class=\"frm-show-form \" id=\"form_kontakt-cz2\" data-token=\"1c6551581df27bf9f66ab2a55c2fb118\">\n<div class=\"frm_form_fields \">\n<fieldset>\n<legend class=\"frm_screen_reader\">Kontakt EN<\/legend>\r\n\r\n<div class=\"frm_fields_container\">\n<input type=\"hidden\" name=\"frm_action\" value=\"create\" \/>\n<input type=\"hidden\" name=\"form_id\" value=\"3\" \/>\n<input type=\"hidden\" name=\"frm_hide_fields_3\" id=\"frm_hide_fields_3\" value=\"\" \/>\n<input type=\"hidden\" name=\"form_key\" value=\"kontakt-cz2\" \/>\n<input type=\"hidden\" name=\"item_meta[0]\" value=\"\" \/>\n<input type=\"hidden\" id=\"frm_submit_entry_3\" name=\"frm_submit_entry_3\" value=\"4c51812a71\" \/><input type=\"hidden\" name=\"_wp_http_referer\" value=\"\/en\/wp-json\/wp\/v2\/pages\/175\" \/><div id=\"frm_field_12_container\" class=\"frm_form_field form-field  frm_top_container frm4 frm_first\">\r\n\t<label for=\"field_gvdjx2\" id=\"field_gvdjx2_label\" class=\"frm_primary_label\">Your name:\r\n\t\t<span class=\"frm_required\" aria-hidden=\"true\"><\/span>\r\n\t<\/label>\r\n\t<input type=\"text\" id=\"field_gvdjx2\" name=\"item_meta[12]\" value=\"\"  data-invmsg=\"Your name: is invalid\" aria-invalid=\"false\"  \/>\r\n\t\r\n\t\r\n<\/div>\n<div id=\"frm_field_13_container\" class=\"frm_form_field form-field  frm_required_field frm_top_container frm4\">\r\n\t<label for=\"field_jmmxe2\" id=\"field_jmmxe2_label\" class=\"frm_primary_label\">Email:\r\n\t\t<span class=\"frm_required\" aria-hidden=\"true\">*<\/span>\r\n\t<\/label>\r\n\t<input type=\"email\" id=\"field_jmmxe2\" name=\"item_meta[13]\" value=\"\"  data-reqmsg=\"Email: cannot be blank.\" aria-required=\"true\" data-invmsg=\"Email: is invalid\" aria-invalid=\"false\"  \/>\r\n\t\r\n\t\r\n<\/div>\n<div id=\"frm_field_14_container\" class=\"frm_form_field form-field  frm_top_container frm4  frm4\">\r\n\t<label for=\"field_zidqb2\" id=\"field_zidqb2_label\" class=\"frm_primary_label\">Phone:\r\n\t\t<span class=\"frm_required\" aria-hidden=\"true\"><\/span>\r\n\t<\/label>\r\n\t<input type=\"tel\" id=\"field_zidqb2\" name=\"item_meta[14]\" value=\"\"  placeholder=\"phone number without spaces\" data-invmsg=\"Phone: is invalid\" aria-invalid=\"false\" pattern=\"((\\+\\d{1,3}(-|.| )?\\(?\\d\\)?(-| |.)?\\d{1,5})|(\\(?\\d{2,6}\\)?))(-|.| )?(\\d{3,4})(-|.| )?(\\d{4})(( x| ext)\\d{1,5}){0,1}$\"  \/>\r\n\t\r\n\t\r\n<\/div>\n<div id=\"frm_field_15_container\" class=\"frm_form_field form-field  frm_top_container\">\r\n\t<label for=\"field_4lq8\" id=\"field_4lq8_label\" class=\"frm_primary_label\">Your message:\r\n\t\t<span class=\"frm_required\" aria-hidden=\"true\"><\/span>\r\n\t<\/label>\r\n\t<textarea name=\"item_meta[15]\" id=\"field_4lq8\" rows=\"5\"  data-invmsg=\"Your message: is invalid\" aria-invalid=\"false\"  ><\/textarea>\r\n\t\r\n\t\r\n<\/div>\n<div id=\"frm_field_18_container\" class=\"frm_form_field form-field  frm_none_container\">\n\t<label for=\"g-recaptcha-response\" id=\"field_9amtz_label\" class=\"frm_primary_label\">Captcha\n\t\t<span class=\"frm_required\" aria-hidden=\"true\"><\/span>\n\t<\/label>\n\t<div  id=\"field_9amtz\" class=\"frm-g-recaptcha\" data-sitekey=\"6LdlFBQsAAAAAPp2T1vrb58LyljKYP53jNaLxAXx\" data-size=\"invisible\" data-theme=\"light\"><\/div>\n\t\n\t\n<\/div>\n<div id=\"frm_field_16_container\" class=\"frm_form_field form-field \">\r\n\t<div class=\"frm_submit frm_flex\">\r\n<button class=\"frm_button_submit\" type=\"submit\"  >Submit<\/button>\r\n\r\n\r\n\r\n<\/div>\r\n<\/div>\n\t<input type=\"hidden\" name=\"item_key\" value=\"\" \/>\n\t\t\t<div id=\"frm_field_20_container\">\n\t\t\t<label for=\"field_81xuz\" >\n\t\t\t\tIf you are human, leave this field blank.\t\t\t<\/label>\n\t\t\t<input  id=\"field_81xuz\" type=\"text\" class=\"frm_form_field form-field frm_verify\" name=\"item_meta[20]\" value=\"\"  \/>\n\t\t<\/div>\n\t\t<input name=\"frm_state\" type=\"hidden\" value=\"X4cf8qFsTEMxoJgpudy5T9KMVmvvoK6KHmvmQbYUiBw=\" \/><\/div>\n<\/fieldset>\n<\/div>\n\n<\/form>\n<\/div>\n\n\n\n<hr class=\"wp-block-separator has-alpha-channel-opacity\"\/>\n\n\n\n<p><strong>Operator:<\/strong><br>DEKLAN DDD s.r.o., Biskupcova 1891\/28, 130 00 Praha 3 <br>I\u010c: 21529949<br>Spisov\u00e1 zna\u010dka: C 403287 veden\u00e1 u M\u011bstsk\u00e9ho soudu v Praze<\/p>\n","protected":false},"excerpt":{"rendered":"<p>Pest control contacts Ensure a safe and healthy environment by using our professional pest control, disinfection and disinsection services. We operate in and around Prague and offer FREE transport and a tour of the site. Our experts have more than 15 years of experience and use modern, environmentally friendly methods to quickly and effectively eliminate <\/p>\n","protected":false},"author":1,"featured_media":0,"parent":0,"menu_order":100,"comment_status":"closed","ping_status":"closed","template":"","meta":{"footnotes":""},"class_list":["post-175","page","type-page","status-publish","hentry"],"_links":{"self":[{"href":"https:\/\/deklan.cz\/en\/wp-json\/wp\/v2\/pages\/175","targetHints":{"allow":["GET"]}}],"collection":[{"href":"https:\/\/deklan.cz\/en\/wp-json\/wp\/v2\/pages"}],"about":[{"href":"https:\/\/deklan.cz\/en\/wp-json\/wp\/v2\/types\/page"}],"author":[{"embeddable":true,"href":"https:\/\/deklan.cz\/en\/wp-json\/wp\/v2\/users\/1"}],"replies":[{"embeddable":true,"href":"https:\/\/deklan.cz\/en\/wp-json\/wp\/v2\/comments?post=175"}],"version-history":[{"count":6,"href":"https:\/\/deklan.cz\/en\/wp-json\/wp\/v2\/pages\/175\/revisions"}],"predecessor-version":[{"id":394,"href":"https:\/\/deklan.cz\/en\/wp-json\/wp\/v2\/pages\/175\/revisions\/394"}],"wp:attachment":[{"href":"https:\/\/deklan.cz\/en\/wp-json\/wp\/v2\/media?parent=175"}],"curies":[{"name":"wp","href":"https:\/\/api.w.org\/{rel}","templated":true}]}}